{"id":429,"date":"2023-03-23T18:21:01","date_gmt":"2023-03-23T18:21:01","guid":{"rendered":"https:\/\/kamenickeprace.rosberg.cz\/?page_id=429"},"modified":"2023-10-10T11:15:35","modified_gmt":"2023-10-10T11:15:35","slug":"kontakty","status":"publish","type":"page","link":"https:\/\/kamenickeprace.rosberg.cz\/index.php\/kontakty\/","title":{"rendered":"Kontakty"},"content":{"rendered":"\n<p>Jm\u00e9no: Pavel Rosberg<\/p>\n\n\n\n<p>Telefon:  608 712 919<\/p>\n\n\n\n<p>E-mail:  <a rel=\"noreferrer noopener\" href=\"mailto:rosi.rs@seznam.cz\" target=\"_blank\">kamenik@rosberg.cz<\/a><\/p>\n\n\n\n<p>Adresa:  Jan\u00e1\u010dkova 2520\/9 , Prost\u011bjov, 79601<\/p>\n\n\n\n<p>Mapa:<\/p>\n\n\n\n<div class=\"wp-block-columns is-layout-flex wp-container-core-columns-is-layout-9d6595d7 wp-block-columns-is-layout-flex\">\n<div class=\"wp-block-column is-layout-flow wp-block-column-is-layout-flow\" style=\"flex-basis:100%\">\n<iframe src=\"https:\/\/www.google.com\/maps\/embed?pb=!1m18!1m12!1m3!1d1296.2944542693076!2d17.127091991790458!3d49.47338178850535!2m3!1f0!2f0!3f0!3m2!1i1024!2i768!4f13.1!3m3!1m2!1s0x4712579550961c05%3A0xe63ada3440f990c3!2sKamenictv%C3%AD%20Rosberg!5e0!3m2!1scs!2scz!4v1680173179958!5m2!1scs!2scz\" width=\"200\" height=\"200\" style=\"border:0;\" allowfullscreen=\"\" loading=\"lazy\" referrerpolicy=\"no-referrer-when-downgrade\"><\/iframe>\n<\/div>\n<\/div>\n","protected":false},"excerpt":{"rendered":"<p>Jm\u00e9no: Pavel Rosberg Telefon: 608 712 919 E-mail: kamenik@rosberg.cz Adresa: Jan\u00e1\u010dkova 2520\/9 , Prost\u011bjov, 79601 Mapa:<\/p>\n","protected":false},"author":1,"featured_media":0,"parent":0,"menu_order":0,"comment_status":"closed","ping_status":"closed","template":"","meta":{"footnotes":""},"class_list":["post-429","page","type-page","status-publish","hentry"],"_links":{"self":[{"href":"https:\/\/kamenickeprace.rosberg.cz\/index.php\/wp-json\/wp\/v2\/pages\/429","targetHints":{"allow":["GET"]}}],"collection":[{"href":"https:\/\/kamenickeprace.rosberg.cz\/index.php\/wp-json\/wp\/v2\/pages"}],"about":[{"href":"https:\/\/kamenickeprace.rosberg.cz\/index.php\/wp-json\/wp\/v2\/types\/page"}],"author":[{"embeddable":true,"href":"https:\/\/kamenickeprace.rosberg.cz\/index.php\/wp-json\/wp\/v2\/users\/1"}],"replies":[{"embeddable":true,"href":"https:\/\/kamenickeprace.rosberg.cz\/index.php\/wp-json\/wp\/v2\/comments?post=429"}],"version-history":[{"count":9,"href":"https:\/\/kamenickeprace.rosberg.cz\/index.php\/wp-json\/wp\/v2\/pages\/429\/revisions"}],"predecessor-version":[{"id":458,"href":"https:\/\/kamenickeprace.rosberg.cz\/index.php\/wp-json\/wp\/v2\/pages\/429\/revisions\/458"}],"wp:attachment":[{"href":"https:\/\/kamenickeprace.rosberg.cz\/index.php\/wp-json\/wp\/v2\/media?parent=429"}],"curies":[{"name":"wp","href":"https:\/\/api.w.org\/{rel}","templated":true}]}}