{"id":12,"date":"2022-03-17T22:17:20","date_gmt":"2022-03-17T22:17:20","guid":{"rendered":"http:\/\/kamenictvi.notoxic.cz\/?page_id=12"},"modified":"2023-10-10T11:20:09","modified_gmt":"2023-10-10T11:20:09","slug":"the-new-umoma-opens-its-doors-2","status":"publish","type":"page","link":"https:\/\/kamenickeprace.rosberg.cz\/","title":{"rendered":""},"content":{"rendered":"\n<div class=\"wp-block-group alignwide\"><div class=\"wp-block-group__inner-container is-layout-flow wp-block-group-is-layout-flow\">\n<div class=\"wp-block-columns is-layout-flex wp-container-core-columns-is-layout-9d6595d7 wp-block-columns-is-layout-flex\"><\/div>\n\n\n\n<h2 class=\"wp-block-heading has-text-align-center\">Nab\u00edz\u00edme r\u016fzne druhy kamenick\u00fdch prac\u00ed pro Prost\u011bjov a okol\u00ed<\/h2>\n\n\n\n<p><\/p>\n<\/div><\/div>\n\n\n\n<div class=\"wp-block-columns alignwide are-vertically-aligned-top is-layout-flex wp-container-core-columns-is-layout-9d6595d7 wp-block-columns-is-layout-flex\">\n<div class=\"wp-block-column is-vertically-aligned-top is-layout-flow wp-block-column-is-layout-flow\">\n<div class=\"wp-block-group\"><div class=\"wp-block-group__inner-container is-layout-flow wp-block-group-is-layout-flow\">\n<div class=\"wp-block-group alignfull\"><div class=\"wp-block-group__inner-container is-layout-constrained wp-block-group-is-layout-constrained\">\n<div class=\"wp-block-group alignfull\"><div class=\"wp-block-group__inner-container is-layout-constrained wp-block-group-is-layout-constrained\">\n<div class=\"wp-block-group alignwide\"><div class=\"wp-block-group__inner-container is-layout-constrained wp-block-group-is-layout-constrained\">\n<div class=\"wp-block-group alignwide\"><div class=\"wp-block-group__inner-container is-layout-constrained wp-block-group-is-layout-constrained\">\n<h3 class=\"wp-block-heading alignwide has-text-align-center\">Urnov\u00e9 <br>hroby<\/h3>\n<\/div><\/div>\n<\/div><\/div>\n\n\n\n<figure class=\"wp-block-gallery alignfull has-nested-images columns-default is-cropped wp-block-gallery-1 is-layout-flex wp-block-gallery-is-layout-flex\">\n<figure class=\"wp-block-image size-large is-style-rounded\"><a href=\"http:\/\/kamenickeprace.rosberg.cz\/index.php\/urnove-hrobky\/\"><img loading=\"lazy\" decoding=\"async\" width=\"768\" height=\"1024\" data-id=\"125\" src=\"http:\/\/kamenictvi.notoxic.cz\/wp-content\/uploads\/2022\/05\/DSC03123-768x1024.jpg\" alt=\"\" class=\"wp-image-125\" srcset=\"https:\/\/kamenickeprace.rosberg.cz\/wp-content\/uploads\/2022\/05\/DSC03123-768x1024.jpg 768w, https:\/\/kamenickeprace.rosberg.cz\/wp-content\/uploads\/2022\/05\/DSC03123-225x300.jpg 225w, https:\/\/kamenickeprace.rosberg.cz\/wp-content\/uploads\/2022\/05\/DSC03123-1152x1536.jpg 1152w, https:\/\/kamenickeprace.rosberg.cz\/wp-content\/uploads\/2022\/05\/DSC03123-1200x1600.jpg 1200w, https:\/\/kamenickeprace.rosberg.cz\/wp-content\/uploads\/2022\/05\/DSC03123-rotated.jpg 1536w\" sizes=\"auto, (max-width: 768px) 100vw, 768px\" \/><\/a><\/figure>\n<\/figure>\n<\/div><\/div>\n\n\n\n<div class=\"wp-block-button aligncenter is-style-fill\"><a class=\"wp-block-button__link wp-element-button\" href=\"http:\/\/kamenickeprace.rosberg.cz\/index.php\/urnove-hrobky\/\" style=\"border-radius:42px\">Prohl\u00e9dnout<\/a><\/div>\n<\/div><\/div>\n<\/div><\/div>\n\n\n\n<div style=\"height:120px\" aria-hidden=\"true\" class=\"wp-block-spacer\"><\/div>\n\n\n\n<div class=\"wp-block-group\"><div class=\"wp-block-group__inner-container is-layout-flow wp-block-group-is-layout-flow\">\n<div class=\"wp-block-group alignwide\"><div class=\"wp-block-group__inner-container is-layout-flow wp-block-group-is-layout-flow\">\n<div class=\"wp-block-group\"><div class=\"wp-block-group__inner-container is-layout-constrained wp-block-group-is-layout-constrained\">\n<h3 class=\"wp-block-heading has-text-align-center\">Ulo\u017een\u00ed <br>uren<\/h3>\n\n\n\n<div class=\"wp-block-columns is-layout-flex wp-container-core-columns-is-layout-9d6595d7 wp-block-columns-is-layout-flex\">\n<div class=\"wp-block-column is-layout-flow wp-block-column-is-layout-flow\" style=\"flex-basis:100%\">\n<figure class=\"wp-block-image alignfull size-large is-style-default\"><a href=\"http:\/\/kamenickeprace.rosberg.cz\/index.php\/ulozeni-uren\/\"><img loading=\"lazy\" decoding=\"async\" width=\"1024\" height=\"768\" src=\"http:\/\/kamenictvi.notoxic.cz\/wp-content\/uploads\/2022\/05\/DSC03010-1024x768.jpg\" alt=\"\" class=\"wp-image-113\" srcset=\"https:\/\/kamenickeprace.rosberg.cz\/wp-content\/uploads\/2022\/05\/DSC03010-1024x768.jpg 1024w, https:\/\/kamenickeprace.rosberg.cz\/wp-content\/uploads\/2022\/05\/DSC03010-300x225.jpg 300w, https:\/\/kamenickeprace.rosberg.cz\/wp-content\/uploads\/2022\/05\/DSC03010-768x576.jpg 768w, https:\/\/kamenickeprace.rosberg.cz\/wp-content\/uploads\/2022\/05\/DSC03010-1536x1152.jpg 1536w, https:\/\/kamenickeprace.rosberg.cz\/wp-content\/uploads\/2022\/05\/DSC03010-1200x900.jpg 1200w, https:\/\/kamenickeprace.rosberg.cz\/wp-content\/uploads\/2022\/05\/DSC03010-1980x1485.jpg 1980w, https:\/\/kamenickeprace.rosberg.cz\/wp-content\/uploads\/2022\/05\/DSC03010.jpg 2048w\" sizes=\"auto, (max-width: 1024px) 100vw, 1024px\" \/><\/a><\/figure>\n<\/div>\n<\/div>\n\n\n\n<div class=\"wp-block-button has-custom-width wp-block-button__width-100 has-custom-font-size aligncenter is-style-fill has-small-font-size\"><a class=\"wp-block-button__link wp-element-button\" href=\"http:\/\/kamenickeprace.rosberg.cz\/index.php\/ulozeni-uren\/\" style=\"border-radius:40px\">Prohl\u00e9dnout<\/a><\/div>\n<\/div><\/div>\n<\/div><\/div>\n<\/div><\/div>\n\n\n\n<div style=\"height:39px\" aria-hidden=\"true\" class=\"wp-block-spacer\"><\/div>\n\n\n\n<div class=\"wp-block-group alignfull\"><div class=\"wp-block-group__inner-container is-layout-constrained wp-block-group-is-layout-constrained\">\n<h2 class=\"wp-block-heading has-text-align-center\">Restaurov\u00e1n\u00ed <br> kamene<\/h2>\n\n\n\n<figure class=\"wp-block-image alignfull size-large is-style-rounded\"><a href=\"http:\/\/kamenickeprace.rosberg.cz\/index.php\/restaurovani-pomniku\/\"><img loading=\"lazy\" decoding=\"async\" width=\"768\" height=\"1024\" src=\"http:\/\/kamenictvi.notoxic.cz\/wp-content\/uploads\/2022\/05\/DSC02893-768x1024.jpg\" alt=\"\" class=\"wp-image-100\" srcset=\"https:\/\/kamenickeprace.rosberg.cz\/wp-content\/uploads\/2022\/05\/DSC02893-768x1024.jpg 768w, https:\/\/kamenickeprace.rosberg.cz\/wp-content\/uploads\/2022\/05\/DSC02893-225x300.jpg 225w, https:\/\/kamenickeprace.rosberg.cz\/wp-content\/uploads\/2022\/05\/DSC02893-1152x1536.jpg 1152w, https:\/\/kamenickeprace.rosberg.cz\/wp-content\/uploads\/2022\/05\/DSC02893-1200x1600.jpg 1200w, https:\/\/kamenickeprace.rosberg.cz\/wp-content\/uploads\/2022\/05\/DSC02893-rotated.jpg 1536w\" sizes=\"auto, (max-width: 768px) 100vw, 768px\" \/><\/a><\/figure>\n\n\n\n<div class=\"wp-block-buttons is-layout-flex wp-block-buttons-is-layout-flex\">\n<div class=\"wp-block-button aligncenter\"><a class=\"wp-block-button__link wp-element-button\" href=\"http:\/\/kamenickeprace.rosberg.cz\/index.php\/restaurovani-pomniku\/\">Prohl\u00e9dnout<\/a><\/div>\n<\/div>\n<\/div><\/div>\n<\/div>\n\n\n\n<div class=\"wp-block-column is-vertically-aligned-top is-layout-flow wp-block-column-is-layout-flow\">\n<div class=\"wp-block-group\"><div class=\"wp-block-group__inner-container is-layout-flow wp-block-group-is-layout-flow\">\n<h2 class=\"wp-block-heading\"> <\/h2>\n\n\n\n<div style=\"height:221px\" aria-hidden=\"true\" class=\"wp-block-spacer\"><\/div>\n\n\n\n<div class=\"wp-block-group alignfull\"><div class=\"wp-block-group__inner-container is-layout-constrained wp-block-group-is-layout-constrained\">\n<h3 class=\"wp-block-heading has-text-align-center\">N\u00e1pisov\u00e9<br> desky<\/h3>\n\n\n\n<figure class=\"wp-block-image alignfull size-large is-style-default\"><a href=\"http:\/\/kamenickeprace.rosberg.cz\/index.php\/napisove-desky\/\"><img loading=\"lazy\" decoding=\"async\" width=\"1024\" height=\"768\" src=\"http:\/\/kamenictvi.notoxic.cz\/wp-content\/uploads\/2022\/05\/DSC03016-1024x768.jpg\" alt=\"\" class=\"wp-image-87\" srcset=\"https:\/\/kamenickeprace.rosberg.cz\/wp-content\/uploads\/2022\/05\/DSC03016-1024x768.jpg 1024w, https:\/\/kamenickeprace.rosberg.cz\/wp-content\/uploads\/2022\/05\/DSC03016-300x225.jpg 300w, https:\/\/kamenickeprace.rosberg.cz\/wp-content\/uploads\/2022\/05\/DSC03016-768x576.jpg 768w, https:\/\/kamenickeprace.rosberg.cz\/wp-content\/uploads\/2022\/05\/DSC03016-1536x1152.jpg 1536w, https:\/\/kamenickeprace.rosberg.cz\/wp-content\/uploads\/2022\/05\/DSC03016-1200x900.jpg 1200w, https:\/\/kamenickeprace.rosberg.cz\/wp-content\/uploads\/2022\/05\/DSC03016-1980x1485.jpg 1980w, https:\/\/kamenickeprace.rosberg.cz\/wp-content\/uploads\/2022\/05\/DSC03016.jpg 2048w\" sizes=\"auto, (max-width: 1024px) 100vw, 1024px\" \/><\/a><\/figure>\n\n\n\n<div class=\"wp-block-button has-custom-width wp-block-button__width-100 has-custom-font-size aligncenter is-style-fill has-small-font-size\"><a class=\"wp-block-button__link wp-element-button\" href=\"http:\/\/kamenickeprace.rosberg.cz\/index.php\/napisove-desky\/\" style=\"border-radius:35px\">Prohl\u00e9dnout<\/a><\/div>\n<\/div><\/div>\n\n\n\n<div style=\"height:22px\" aria-hidden=\"true\" class=\"wp-block-spacer\"><\/div>\n<\/div><\/div>\n\n\n\n<div class=\"wp-block-group alignfull\"><div class=\"wp-block-group__inner-container is-layout-constrained wp-block-group-is-layout-constrained\">\n<h3 class=\"wp-block-heading has-text-align-center\">Restaurov\u00e1n\u00ed,<br> \u010di\u0161t\u011bn\u00ed a lakov\u00e1n\u00ed<\/h3>\n\n\n\n<figure class=\"wp-block-image alignfull size-large is-style-rounded\"><a href=\"http:\/\/kamenickeprace.rosberg.cz\/index.php\/cisteni-a-restaurovani\/\"><img loading=\"lazy\" decoding=\"async\" width=\"768\" height=\"1024\" src=\"http:\/\/kamenictvi.notoxic.cz\/wp-content\/uploads\/2022\/05\/DSC03099-768x1024.jpg\" alt=\"\" class=\"wp-image-80\" srcset=\"https:\/\/kamenickeprace.rosberg.cz\/wp-content\/uploads\/2022\/05\/DSC03099-768x1024.jpg 768w, https:\/\/kamenickeprace.rosberg.cz\/wp-content\/uploads\/2022\/05\/DSC03099-225x300.jpg 225w, https:\/\/kamenickeprace.rosberg.cz\/wp-content\/uploads\/2022\/05\/DSC03099-1152x1536.jpg 1152w, https:\/\/kamenickeprace.rosberg.cz\/wp-content\/uploads\/2022\/05\/DSC03099-1200x1600.jpg 1200w, https:\/\/kamenickeprace.rosberg.cz\/wp-content\/uploads\/2022\/05\/DSC03099-rotated.jpg 1536w\" sizes=\"auto, (max-width: 768px) 100vw, 768px\" \/><\/a><\/figure>\n\n\n\n<div class=\"wp-block-buttons is-layout-flex wp-block-buttons-is-layout-flex\">\n<div class=\"wp-block-button aligncenter\"><a class=\"wp-block-button__link wp-element-button\" href=\"http:\/\/kamenickeprace.rosberg.cz\/index.php\/cisteni-a-restaurovani\/\">Prohl\u00e9dnout<\/a><\/div>\n<\/div>\n<\/div><\/div>\n\n\n\n<div style=\"height:133px\" aria-hidden=\"true\" class=\"wp-block-spacer\"><\/div>\n\n\n\n<div class=\"wp-block-group alignfull\"><div class=\"wp-block-group__inner-container is-layout-constrained wp-block-group-is-layout-constrained\">\n<h2 class=\"wp-block-heading has-text-align-center\">Obnova um\u011bl\u00e9ho <br>kamene<\/h2>\n\n\n\n<figure class=\"wp-block-gallery alignfull has-nested-images columns-default is-cropped wp-block-gallery-2 is-layout-flex wp-block-gallery-is-layout-flex\">\n<figure class=\"wp-block-image size-large is-style-default\"><a href=\"https:\/\/kamenickeprace.rosberg.cz\/index.php\/obnova-_-umeleho-_-kamene\/\"><img loading=\"lazy\" decoding=\"async\" width=\"751\" height=\"563\" data-id=\"299\" src=\"https:\/\/kamenickeprace.rosberg.cz\/wp-content\/uploads\/2023\/01\/IMG_20211014_170141-edited-1.jpg\" alt=\"\" class=\"wp-image-299\" srcset=\"https:\/\/kamenickeprace.rosberg.cz\/wp-content\/uploads\/2023\/01\/IMG_20211014_170141-edited-1.jpg 751w, https:\/\/kamenickeprace.rosberg.cz\/wp-content\/uploads\/2023\/01\/IMG_20211014_170141-edited-1-300x225.jpg 300w\" sizes=\"auto, (max-width: 751px) 100vw, 751px\" \/><\/a><\/figure>\n<\/figure>\n\n\n\n<div class=\"wp-block-buttons is-layout-flex wp-block-buttons-is-layout-flex\">\n<div class=\"wp-block-button aligncenter\"><a class=\"wp-block-button__link wp-element-button\" href=\"https:\/\/kamenickeprace.rosberg.cz\/index.php\/obnova-_-umeleho-_-kamene\/\">Proh\u00e9dnout<\/a><\/div>\n<\/div>\n<\/div><\/div>\n<\/div>\n<\/div>\n\n\n\n<figure class=\"wp-block-image alignfull size-large wp-duotone-000000-ffffff-3\"><img loading=\"lazy\" decoding=\"async\" width=\"1024\" height=\"768\" src=\"http:\/\/kamenictvi.notoxic.cz\/wp-content\/uploads\/2022\/03\/ada-6-1024x768.jpg\" alt=\"\" class=\"wp-image-52\" srcset=\"https:\/\/kamenickeprace.rosberg.cz\/wp-content\/uploads\/2022\/03\/ada-6-1024x768.jpg 1024w, https:\/\/kamenickeprace.rosberg.cz\/wp-content\/uploads\/2022\/03\/ada-6-300x225.jpg 300w, https:\/\/kamenickeprace.rosberg.cz\/wp-content\/uploads\/2022\/03\/ada-6-768x576.jpg 768w, https:\/\/kamenickeprace.rosberg.cz\/wp-content\/uploads\/2022\/03\/ada-6-1200x900.jpg 1200w, https:\/\/kamenickeprace.rosberg.cz\/wp-content\/uploads\/2022\/03\/ada-6.jpg 1280w\" sizes=\"auto, (max-width: 1024px) 100vw, 1024px\" \/><\/figure>\n\n\n\n<div class=\"wp-block-group alignwide\"><div class=\"wp-block-group__inner-container is-layout-flow wp-block-group-is-layout-flow\">\n<h2 class=\"wp-block-heading has-text-align-center has-accent-color has-text-color\">\u201cNa\u0161e firma je tu pro V\u00e1s\u201d<\/h2>\n<\/div><\/div>\n\n\n\n<p>Prov\u00e1d\u00edme n\u00e1vrhy, zam\u011b\u0159en\u00ed, v\u00fdrobu a realizaci h\u0159bitovn\u00ed architektury jako nap\u0159\u00edklad hrob\u016f urnov\u00fdch, jednohrob\u016f i dvojhrob\u016f.<br>Star\u0161\u00ed hroby a pomn\u00edky tak\u00e9 rekonstruujeme a opravujeme i na m\u00edst\u011b bez demont\u00e1\u017ee.<br>Restaurov\u00e1n\u00ed kamene, \u017eula, mramor, p\u00edskovec, \u010di\u0161t\u011bn\u00ed a impregnace.<br>Individualn\u00ed zak\u00e1zky konzultujeme.<\/p>\n\n\n\n<p>Na\u0161\u00ed pr\u00e1ci m\u016f\u017eete vid\u011bt mimo jin\u00e9 na h\u0159bitv\u011b v Prost\u011bjov\u011b a okol\u00ed.<\/p>\n","protected":false},"excerpt":{"rendered":"<p>Nab\u00edz\u00edme r\u016fzne druhy kamenick\u00fdch prac\u00ed pro Prost\u011bjov a okol\u00ed Urnov\u00e9 hroby Ulo\u017een\u00ed uren Restaurov\u00e1n\u00ed kamene N\u00e1pisov\u00e9 desky Restaurov\u00e1n\u00ed, \u010di\u0161t\u011bn\u00ed a lakov\u00e1n\u00ed Obnova um\u011bl\u00e9ho kamene \u201cNa\u0161e firma je tu pro V\u00e1s\u201d Prov\u00e1d\u00edme n\u00e1vrhy, zam\u011b\u0159en\u00ed, v\u00fdrobu a realizaci h\u0159bitovn\u00ed architektury jako nap\u0159\u00edklad hrob\u016f urnov\u00fdch, jednohrob\u016f i dvojhrob\u016f.Star\u0161\u00ed hroby a pomn\u00edky tak\u00e9 rekonstruujeme a opravujeme i na m\u00edst\u011b [&hellip;]<\/p>\n","protected":false},"author":1,"featured_media":446,"parent":0,"menu_order":0,"comment_status":"closed","ping_status":"closed","template":"","meta":{"footnotes":""},"class_list":["post-12","page","type-page","status-publish","has-post-thumbnail","hentry"],"_links":{"self":[{"href":"https:\/\/kamenickeprace.rosberg.cz\/index.php\/wp-json\/wp\/v2\/pages\/12","targetHints":{"allow":["GET"]}}],"collection":[{"href":"https:\/\/kamenickeprace.rosberg.cz\/index.php\/wp-json\/wp\/v2\/pages"}],"about":[{"href":"https:\/\/kamenickeprace.rosberg.cz\/index.php\/wp-json\/wp\/v2\/types\/page"}],"author":[{"embeddable":true,"href":"https:\/\/kamenickeprace.rosberg.cz\/index.php\/wp-json\/wp\/v2\/users\/1"}],"replies":[{"embeddable":true,"href":"https:\/\/kamenickeprace.rosberg.cz\/index.php\/wp-json\/wp\/v2\/comments?post=12"}],"version-history":[{"count":81,"href":"https:\/\/kamenickeprace.rosberg.cz\/index.php\/wp-json\/wp\/v2\/pages\/12\/revisions"}],"predecessor-version":[{"id":462,"href":"https:\/\/kamenickeprace.rosberg.cz\/index.php\/wp-json\/wp\/v2\/pages\/12\/revisions\/462"}],"wp:featuredmedia":[{"embeddable":true,"href":"https:\/\/kamenickeprace.rosberg.cz\/index.php\/wp-json\/wp\/v2\/media\/446"}],"wp:attachment":[{"href":"https:\/\/kamenickeprace.rosberg.cz\/index.php\/wp-json\/wp\/v2\/media?parent=12"}],"curies":[{"name":"wp","href":"https:\/\/api.w.org\/{rel}","templated":true}]}}